{"id":1338,"date":"2025-10-27T13:55:22","date_gmt":"2025-10-27T12:55:22","guid":{"rendered":"https:\/\/revameditee.com\/?page_id=1338"},"modified":"2025-10-27T13:55:23","modified_gmt":"2025-10-27T12:55:23","slug":"reiki","status":"publish","type":"page","link":"https:\/\/revameditee.com\/?page_id=1338","title":{"rendered":"REIKI"},"content":{"rendered":"\n<p><\/p>\n\n\n\n<h2 class=\"wp-block-heading\">Mon parcours reiki<\/h2>\n\n\n\n<p><\/p>\n\n\n\n<p>J\u2019ai toujours eu, sans vraiment y penser, ce r\u00e9flexe instinctif de poser mes mains sur les parties douloureuses de mon corps.<br>Je ne savais pas ce que je faisais exactement \u2014 cela n\u2019avait pas de nom. Pour moi, c\u2019\u00e9tait simplement naturel : la chaleur de mes mains semblait apaiser, parfois bien au-del\u00e0 du simple plan physique.<\/p>\n\n\n\n<p>En 2020, apr\u00e8s une p\u00e9riode de profonde remise en question dans une soci\u00e9t\u00e9 agit\u00e9e par le Covid, je me forme au Reiki.<br>J\u2019ai choisi Andr\u00e9 et sa formation, car son approche libre et ouverte me correspondait parfaitement. J\u2019ai senti que ce que je cherchais \u00e9tait l\u00e0 \u2014 et je ne m\u2019\u00e9tais pas tromp\u00e9e.<\/p>\n\n\n\n<p>Titulaire du niveau 1, je peux enfin mettre un mot sur ma pratique. Le Reiki Usui en est la base, et je d\u00e9couvre que je peux apporter du bien, de la douceur, de l\u2019apaisement autour de moi.<\/p>\n\n\n\n<p>Depuis, il ne se passe pas un jour sans auto-Reiki. C\u2019est efficace, apaisant, presque comme savourer un th\u00e9 pour retrouver le calme. Cela m\u2019accompagne partout, tout le temps \u2014 car je suis, en quelque sorte, mon propre outil.<\/p>\n\n\n\n<p>\u00c0 la fin de l\u2019ann\u00e9e 2020, port\u00e9e par cette belle \u00e9nergie universelle et abondante, je passe le deuxi\u00e8me niveau.<br>J\u2019apprends encore, je me confronte au calme impressionnant de mon formateur, je d\u00e9couvre de nouvelles choses sur moi-m\u00eame. J\u2019y apprends aussi la pratique \u00e0 distance.<\/p>\n\n\n\n<p>Aujourd\u2019hui, je n\u2019ai pas encore pass\u00e9 le troisi\u00e8me niveau \u2014 celui qui permet de transmettre le Reiki Usui \u00e0 mon tour \u2014 mais j\u2019y songe doucement. Les choses se feront naturellement, si elles ont leur place sur mon chemin. <\/p>\n\n\n\n<p><\/p>\n\n\n\n<div class=\"wp-block-columns is-layout-flex wp-container-core-columns-is-layout-9d6595d7 wp-block-columns-is-layout-flex\">\n<div class=\"wp-block-column is-vertically-aligned-center is-layout-flow wp-block-column-is-layout-flow\">\n<figure class=\"wp-block-gallery has-nested-images columns-default is-cropped wp-block-gallery-1 is-layout-flex wp-block-gallery-is-layout-flex\">\n<figure class=\"wp-block-image size-large\"><img loading=\"lazy\" decoding=\"async\" width=\"885\" height=\"593\" data-id=\"1349\" src=\"https:\/\/revameditee.com\/wp-content\/uploads\/2025\/10\/reiki_usui2.jpg\" alt=\"\" class=\"wp-image-1349\" srcset=\"https:\/\/revameditee.com\/wp-content\/uploads\/2025\/10\/reiki_usui2.jpg 885w, https:\/\/revameditee.com\/wp-content\/uploads\/2025\/10\/reiki_usui2-300x201.jpg 300w, https:\/\/revameditee.com\/wp-content\/uploads\/2025\/10\/reiki_usui2-768x515.jpg 768w, https:\/\/revameditee.com\/wp-content\/uploads\/2025\/10\/reiki_usui2-298x200.jpg 298w\" sizes=\"auto, (max-width: 885px) 100vw, 885px\" \/><\/figure>\n<\/figure>\n<\/div>\n\n\n\n<div class=\"wp-block-column is-layout-flow wp-block-column-is-layout-flow\">\n<div class=\"wp-block-group\"><div class=\"wp-block-group__inner-container is-layout-constrained wp-block-group-is-layout-constrained\">\n<h2 class=\"wp-block-heading\">Ma lign\u00e9e<\/h2>\n\n\n\n<ul class=\"wp-block-list\">\n<li>Chujiro Hayashi<\/li>\n\n\n\n<li>Hawayo Takata<\/li>\n\n\n\n<li>Iris Ishikuro<\/li>\n\n\n\n<li>Arthur L. Robertson<\/li>\n\n\n\n<li>Jean-Marc Pelletier<\/li>\n\n\n\n<li>C\u00e9cile Lafitte<\/li>\n\n\n\n<li>Olivier Honsperger<\/li>\n\n\n\n<li>Andr\u00e9 Baechler<\/li>\n\n\n\n<li><strong>Alisson Drubay (moi)<\/strong><\/li>\n<\/ul>\n<\/div><\/div>\n<\/div>\n<\/div>\n\n\n\n<p>Je ne vais pas m&rsquo;\u00e9tendre ici sur l&rsquo;origine du Reiki USUI, mon formateur l&rsquo;a tr\u00e8s bien fait, je vous conseil donc si l&rsquo;envie vous en dit de visiter son site, pour vous former si c&rsquo;est quelque chose qui vous attire ou simplement pour en savoir plus sur les origines du reiki ! <\/p>\n\n\n\n<div class=\"wp-block-buttons is-layout-flex wp-block-buttons-is-layout-flex\">\n<div class=\"wp-block-button\"><a class=\"wp-block-button__link wp-element-button\" href=\"https:\/\/reiki-formation.ch\/\" target=\"_blank\" rel=\"noreferrer noopener\">Reiki formation<\/a><\/div>\n<\/div>\n\n\n\n<p><\/p>\n\n\n\n<h2 class=\"wp-block-heading\">REIKI Unitaire Shamballa<\/h2>\n\n\n\n<p><\/p>\n\n\n\n<p>En 2021 je m&rsquo;int\u00e9resse au Reiki Unitaire Shamballa, je d\u00e9cide de suivre la formation (de Caroline Galactica) qui fait de moi un Ma\u00eetre Enseignant en Reiki Unitaire Shamballa. <\/p>\n\n\n\n<p>Ce Reiki bas\u00e9 sur des pri\u00e8res d&rsquo;ouvertures et de fermetures qui fait appel aux ma\u00eetres ascensionn\u00e9(e)s m&rsquo;a moins parl\u00e9, cependant il s&rsquo;est pass\u00e9 pas mal de choses pendant ma formations et \u00e7a m&rsquo;a beaucoup ouvertes et apport\u00e9 d&rsquo;autres outils. <\/p>\n\n\n\n<p>Je peux aussi transmettre l&rsquo;initiation puisque je suis ma\u00eetresse enseignante. <\/p>\n\n\n\n<p><\/p>\n\n\n\n<p>Au jour d&rsquo;aujourd&rsquo;hui ces deux formations ont fait de mon Reiki un reiki unique et propre \u00e0 moi m\u00eame. Mes croyances, mon ouverture aux \u00e9nergies, mon envie d&rsquo;apporter de l&rsquo;amour et mon aide aux personnes qui le d\u00e9sirent font de ma pratique un moment de bien \u00eatre et de d\u00e9tente.<\/p>\n\n\n\n<p><\/p>\n\n\n\n<p class=\"has-large-font-size\"><strong>J&rsquo;ai la capacit\u00e9 de proposer un Reiki physique dans ma salle de soin ou \u00e0 distance. Vous pouvez me contacter si vous \u00eates int\u00e9ress\u00e9(e)s. <\/strong><\/p>\n\n\n\n<p><\/p>\n\n\n\n<p><\/p>\n","protected":false},"excerpt":{"rendered":"<p>Mon parcours reiki J\u2019ai toujours eu, sans vraiment y penser, ce r\u00e9flexe instinctif de poser mes mains sur les parties douloureuses de mon corps.Je ne &hellip;<\/p>\n","protected":false},"author":1,"featured_media":0,"parent":0,"menu_order":0,"comment_status":"closed","ping_status":"closed","template":"","meta":{"footnotes":""},"class_list":["post-1338","page","type-page","status-publish","hentry"],"_links":{"self":[{"href":"https:\/\/revameditee.com\/index.php?rest_route=\/wp\/v2\/pages\/1338","targetHints":{"allow":["GET"]}}],"collection":[{"href":"https:\/\/revameditee.com\/index.php?rest_route=\/wp\/v2\/pages"}],"about":[{"href":"https:\/\/revameditee.com\/index.php?rest_route=\/wp\/v2\/types\/page"}],"author":[{"embeddable":true,"href":"https:\/\/revameditee.com\/index.php?rest_route=\/wp\/v2\/users\/1"}],"replies":[{"embeddable":true,"href":"https:\/\/revameditee.com\/index.php?rest_route=%2Fwp%2Fv2%2Fcomments&post=1338"}],"version-history":[{"count":0,"href":"https:\/\/revameditee.com\/index.php?rest_route=\/wp\/v2\/pages\/1338\/revisions"}],"wp:attachment":[{"href":"https:\/\/revameditee.com\/index.php?rest_route=%2Fwp%2Fv2%2Fmedia&parent=1338"}],"curies":[{"name":"wp","href":"https:\/\/api.w.org\/{rel}","templated":true}]}}