{"id":48,"date":"2024-04-21T18:48:36","date_gmt":"2024-04-21T16:48:36","guid":{"rendered":"https:\/\/melalissdn.cluster021.hosting.ovh.net\/reva2\/?page_id=48"},"modified":"2024-04-24T08:59:41","modified_gmt":"2024-04-24T06:59:41","slug":"accueil","status":"publish","type":"page","link":"https:\/\/revameditee.com\/","title":{"rendered":"le top photographies"},"content":{"rendered":"\n<div class=\"wp-block-group alignwide\"><div class=\"wp-block-group__inner-container is-layout-constrained wp-block-group-is-layout-constrained\"><p>[modula id=\u00a0\u00bb144&Prime;]<\/p>\n<\/div><\/div>\n\n\n\n<p class=\"has-small-font-size\"><em>Je suis l&rsquo;unique propri\u00e9taire de toutes les photos affich\u00e9es ici. elles ne sont pas verrouill\u00e9es pour vous permettre de les utiliser (fond d&rsquo;\u00e9cran etc.). Elles ne peuvent pas \u00eatre utilis\u00e9es \u00e0 des fins commerciales sans mon accord ou l&rsquo;achat d&rsquo;une licence d&rsquo;exploitation.<\/em><\/p>\n\n\n\n<p><\/p>\n","protected":false},"excerpt":{"rendered":"<p>Je suis l&rsquo;unique propri\u00e9taire de toutes les photos affich\u00e9es ici. elles ne sont pas verrouill\u00e9es pour vous permettre de les utiliser (fond d&rsquo;\u00e9cran etc.). Elles &hellip;<\/p>\n","protected":false},"author":1,"featured_media":0,"parent":0,"menu_order":0,"comment_status":"closed","ping_status":"closed","template":"","meta":{"footnotes":""},"class_list":["post-48","page","type-page","status-publish","hentry"],"_links":{"self":[{"href":"https:\/\/revameditee.com\/index.php?rest_route=\/wp\/v2\/pages\/48","targetHints":{"allow":["GET"]}}],"collection":[{"href":"https:\/\/revameditee.com\/index.php?rest_route=\/wp\/v2\/pages"}],"about":[{"href":"https:\/\/revameditee.com\/index.php?rest_route=\/wp\/v2\/types\/page"}],"author":[{"embeddable":true,"href":"https:\/\/revameditee.com\/index.php?rest_route=\/wp\/v2\/users\/1"}],"replies":[{"embeddable":true,"href":"https:\/\/revameditee.com\/index.php?rest_route=%2Fwp%2Fv2%2Fcomments&post=48"}],"version-history":[{"count":0,"href":"https:\/\/revameditee.com\/index.php?rest_route=\/wp\/v2\/pages\/48\/revisions"}],"wp:attachment":[{"href":"https:\/\/revameditee.com\/index.php?rest_route=%2Fwp%2Fv2%2Fmedia&parent=48"}],"curies":[{"name":"wp","href":"https:\/\/api.w.org\/{rel}","templated":true}]}}